{"id":8,"date":"2019-10-28T14:39:37","date_gmt":"2019-10-28T14:39:37","guid":{"rendered":"https:\/\/bridge280.qodeinteractive.com\/?page_id=8"},"modified":"2025-08-25T17:23:46","modified_gmt":"2025-08-25T17:23:46","slug":"home","status":"publish","type":"page","link":"https:\/\/homsdesarrollos.com\/","title":{"rendered":"Home"},"content":{"rendered":"\t\t<div data-elementor-type=\"wp-page\" data-elementor-id=\"8\" class=\"elementor elementor-8\">\n\t\t\t\t\t\t<section class=\"elementor-section elementor-top-section elementor-element elementor-element-0915be5 elementor-section-boxed elementor-section-height-default elementor-section-height-default parallax_section_no qode_elementor_container_no\" data-id=\"0915be5\" data-element_type=\"section\">\n\t\t\t\t\t\t<div class=\"elementor-container elementor-column-gap-no\">\n\t\t\t\t\t<div class=\"elementor-column elementor-col-100 elementor-top-column elementor-element elementor-element-89d1030\" data-id=\"89d1030\" data-element_type=\"column\">\n\t\t\t<div class=\"elementor-widget-wrap elementor-element-populated\">\n\t\t\t\t\t\t<div class=\"elementor-element elementor-element-c456028 elementor-widget elementor-widget-slider_revolution\" data-id=\"c456028\" data-element_type=\"widget\" data-widget_type=\"slider_revolution.default\">\n\t\t\t\t<div class=\"elementor-widget-container\">\n\t\t\t\t\t\n\t\t<div class=\"wp-block-themepunch-revslider\">\n\t\t\t<!-- START Slide_homeluz REVOLUTION SLIDER 6.5.14 --><p class=\"rs-p-wp-fix\"><\/p>\n\t\t\t<rs-module-wrap id=\"rev_slider_5_1_wrapper\" data-source=\"gallery\" style=\"visibility:hidden;background:transparent;padding:0;margin:0px auto;margin-top:0;margin-bottom:0;\">\n\t\t\t\t<rs-module id=\"rev_slider_5_1\" style=\"\" data-version=\"6.5.14\">\n\t\t\t\t\t<rs-slides>\n\t\t\t\t\t\t<rs-slide style=\"position: absolute;\" data-key=\"rs-13\" data-title=\"Slide\" data-in=\"o:0;\" data-out=\"a:false;\">\n\t\t\t\t\t\t\t<img fetchpriority=\"high\" decoding=\"async\" src=\"\/\/homsdesarrollos.com\/wp-content\/plugins\/revslider\/public\/assets\/assets\/dummy.png\" alt=\"\" title=\"familia-joven-hijo-pequeno-parqueslide\" width=\"2000\" height=\"878\" class=\"rev-slidebg tp-rs-img rs-lazyload\" data-lazyload=\"\/\/homsdesarrollos.com\/wp-content\/uploads\/2023\/10\/familia-joven-hijo-pequeno-parqueslide.jpg\" data-no-retina>\n<!--\n\t\t\t\t\t\t\t--><rs-layer\n\t\t\t\t\t\t\t\tid=\"slider-5-slide-13-layer-0\" \n\t\t\t\t\t\t\t\tdata-type=\"text\"\n\t\t\t\t\t\t\t\tdata-color=\"#ffffff\"\n\t\t\t\t\t\t\t\tdata-rsp_ch=\"on\"\n\t\t\t\t\t\t\t\tdata-xy=\"x:76px;y:111px;\"\n\t\t\t\t\t\t\t\tdata-text=\"w:normal;s:48;l:61;\"\n\t\t\t\t\t\t\t\tdata-frame_999=\"o:0;st:w;\"\n\t\t\t\t\t\t\t\tstyle=\"z-index:5;font-family:'Montserrat';\"\n\t\t\t\t\t\t\t>Amplia financiaci\u00f3n<br \/>\nen d\u00f3lares o pesos \n\t\t\t\t\t\t\t<\/rs-layer><!--\n\n\t\t\t\t\t\t\t--><rs-layer\n\t\t\t\t\t\t\t\tid=\"slider-5-slide-13-layer-1\" \n\t\t\t\t\t\t\t\tdata-type=\"text\"\n\t\t\t\t\t\t\t\tdata-color=\"#ffffff\"\n\t\t\t\t\t\t\t\tdata-rsp_ch=\"on\"\n\t\t\t\t\t\t\t\tdata-xy=\"x:77px;y:245px;\"\n\t\t\t\t\t\t\t\tdata-text=\"w:normal;\"\n\t\t\t\t\t\t\t\tdata-frame_999=\"o:0;st:w;\"\n\t\t\t\t\t\t\t\tstyle=\"z-index:6;font-family:'Montserrat';\"\n\t\t\t\t\t\t\t>\u00a1Hasta 120 cuotas seg\u00fan el proyecto, consult\u00e1! \n\t\t\t\t\t\t\t<\/rs-layer><!--\n-->\t\t\t\t\t\t<\/rs-slide>\n\t\t\t\t\t<\/rs-slides>\n\t\t\t\t<\/rs-module>\n\t\t\t\t<script>\n\t\t\t\t\tsetREVStartSize({c: 'rev_slider_5_1',rl:[1240,1024,778,480],el:[500],gw:[1240],gh:[500],type:'standard',justify:'',layout:'fullwidth',mh:\"0\"});if (window.RS_MODULES!==undefined && window.RS_MODULES.modules!==undefined && window.RS_MODULES.modules[\"revslider51\"]!==undefined) {window.RS_MODULES.modules[\"revslider51\"].once = false;window.revapi5 = undefined;if (window.RS_MODULES.checkMinimal!==undefined) window.RS_MODULES.checkMinimal()}\n\t\t\t\t<\/script>\n\t\t\t<\/rs-module-wrap>\n\t\t\t<!-- END REVOLUTION SLIDER -->\n<\/div>\n\n\t\t\t\t\t\t<\/div>\n\t\t\t\t<\/div>\n\t\t\t\t\t<\/div>\n\t\t<\/div>\n\t\t\t\t\t<\/div>\n\t\t<\/section>\n\t\t\t\t<section class=\"elementor-section elementor-top-section elementor-element elementor-element-e25e481 elementor-section-full_width qode_elementor_container_inner elementor-section-height-default elementor-section-height-default parallax_section_no\" data-id=\"e25e481\" data-element_type=\"section\" data-settings=\"{&quot;background_background&quot;:&quot;classic&quot;}\">\n\t\t\t\t\t\t<div class=\"elementor-container elementor-column-gap-default\">\n\t\t\t\t\t<div class=\"elementor-column elementor-col-100 elementor-top-column elementor-element elementor-element-fadab41\" data-id=\"fadab41\" data-element_type=\"column\">\n\t\t\t<div class=\"elementor-widget-wrap elementor-element-populated\">\n\t\t\t\t\t\t<div class=\"elementor-element elementor-element-6779c5d elementor-widget elementor-widget-text-editor\" data-id=\"6779c5d\" data-element_type=\"widget\" data-widget_type=\"text-editor.default\">\n\t\t\t\t<div class=\"elementor-widget-container\">\n\t\t\t\t\t\t\t\t\t<h3 style=\"color: #737373; text-align: center;\"><span style=\"color: #737373;\">Desarrollamos espacios rodeados de naturaleza, con acceso y cercan\u00eda a escuelas y centros comerciales. Proyectos \u00fanicos, accesibles y de calidad, en distintos puntos del pa\u00eds.<\/span><\/h3>\t\t\t\t\t\t\t\t<\/div>\n\t\t\t\t<\/div>\n\t\t\t\t\t<\/div>\n\t\t<\/div>\n\t\t\t\t\t<\/div>\n\t\t<\/section>\n\t\t\t\t<section class=\"elementor-section elementor-top-section elementor-element elementor-element-9032ff8 qode_elementor_container_inner elementor-section-boxed elementor-section-height-default elementor-section-height-default parallax_section_no\" data-id=\"9032ff8\" data-element_type=\"section\">\n\t\t\t\t\t\t<div class=\"elementor-container elementor-column-gap-default\">\n\t\t\t\t\t<div class=\"elementor-column elementor-col-100 elementor-top-column elementor-element elementor-element-fa8be17\" data-id=\"fa8be17\" data-element_type=\"column\">\n\t\t\t<div class=\"elementor-widget-wrap elementor-element-populated\">\n\t\t\t\t\t\t<div class=\"elementor-element elementor-element-000b593 elementor-widget elementor-widget-spacer\" data-id=\"000b593\" data-element_type=\"widget\" data-widget_type=\"spacer.default\">\n\t\t\t\t<div class=\"elementor-widget-container\">\n\t\t\t\t\t\t\t<div class=\"elementor-spacer\">\n\t\t\t<div class=\"elementor-spacer-inner\"><\/div>\n\t\t<\/div>\n\t\t\t\t\t\t<\/div>\n\t\t\t\t<\/div>\n\t\t\t\t\t<\/div>\n\t\t<\/div>\n\t\t\t\t\t<\/div>\n\t\t<\/section>\n\t\t\t\t<section class=\"elementor-section elementor-top-section elementor-element elementor-element-67665e8 elementor-section-full_width elementor-section-height-default elementor-section-height-default parallax_section_no qode_elementor_container_no\" data-id=\"67665e8\" data-element_type=\"section\">\n\t\t\t\t\t\t<div class=\"elementor-container elementor-column-gap-narrow\">\n\t\t\t\t\t<div class=\"elementor-column elementor-col-33 elementor-top-column elementor-element elementor-element-615b08c\" data-id=\"615b08c\" data-element_type=\"column\">\n\t\t\t<div class=\"elementor-widget-wrap elementor-element-populated\">\n\t\t\t\t\t\t<div class=\"elementor-element elementor-element-be29a41 elementor-widget elementor-widget-image\" data-id=\"be29a41\" data-element_type=\"widget\" data-widget_type=\"image.default\">\n\t\t\t\t<div class=\"elementor-widget-container\">\n\t\t\t\t\t\t\t\t\t\t\t\t\t\t\t<img decoding=\"async\" width=\"1300\" height=\"781\" src=\"https:\/\/homsdesarrollos.com\/wp-content\/uploads\/2022\/02\/roberto.png\" class=\"attachment-full size-full wp-image-407\" alt=\"\" srcset=\"https:\/\/homsdesarrollos.com\/wp-content\/uploads\/2022\/02\/roberto.png 1300w, https:\/\/homsdesarrollos.com\/wp-content\/uploads\/2022\/02\/roberto-300x180.png 300w, https:\/\/homsdesarrollos.com\/wp-content\/uploads\/2022\/02\/roberto-1024x615.png 1024w, https:\/\/homsdesarrollos.com\/wp-content\/uploads\/2022\/02\/roberto-768x461.png 768w, https:\/\/homsdesarrollos.com\/wp-content\/uploads\/2022\/02\/roberto-700x421.png 700w\" sizes=\"(max-width: 1300px) 100vw, 1300px\" \/>\t\t\t\t\t\t\t\t\t\t\t\t\t\t\t<\/div>\n\t\t\t\t<\/div>\n\t\t\t\t<div class=\"elementor-element elementor-element-5b9fb04 elementor-widget elementor-widget-text-editor\" data-id=\"5b9fb04\" data-element_type=\"widget\" data-widget_type=\"text-editor.default\">\n\t\t\t\t<div class=\"elementor-widget-container\">\n\t\t\t\t\t\t\t\t\t<h4 style=\"color: #737373;\"><span style=\"color: #03624c;\">La Normita 2<\/span><\/h4>\t\t\t\t\t\t\t\t<\/div>\n\t\t\t\t<\/div>\n\t\t\t\t<div class=\"elementor-element elementor-element-3217b32 elementor-widget elementor-widget-text-editor\" data-id=\"3217b32\" data-element_type=\"widget\" data-widget_type=\"text-editor.default\">\n\t\t\t\t<div class=\"elementor-widget-container\">\n\t\t\t\t\t\t\t\t\t<p>La Normita 2 es un barrio abierto de 384 lotes de entre 300 a 360mts2,<br \/>pensado especialmente para quienes desean hacer realidad el sue\u00f1o del terreno propio.<\/p>\t\t\t\t\t\t\t\t<\/div>\n\t\t\t\t<\/div>\n\t\t\t\t<div class=\"elementor-element elementor-element-b1031b2 elementor-widget elementor-widget-bridge_button\" data-id=\"b1031b2\" data-element_type=\"widget\" data-widget_type=\"bridge_button.default\">\n\t\t\t\t<div class=\"elementor-widget-container\">\n\t\t\t\t\t<a  itemprop=\"url\" href=\"http:\/\/homsdesarrollos.com\/index.php\/la-normita-2\" target=\"_self\"  class=\"qbutton  small enlarge\" style=\"color: #BFE8BE; border-color: #048566; border-radius: 4px;-moz-border-radius: 4px;-webkit-border-radius: 4px; background-color: #048566;\">Ver M\u00e1s<\/a>\t\t\t\t<\/div>\n\t\t\t\t<\/div>\n\t\t\t\t\t<\/div>\n\t\t<\/div>\n\t\t\t\t<div class=\"elementor-column elementor-col-33 elementor-top-column elementor-element elementor-element-f282401\" data-id=\"f282401\" data-element_type=\"column\">\n\t\t\t<div class=\"elementor-widget-wrap elementor-element-populated\">\n\t\t\t\t\t\t<div class=\"elementor-element elementor-element-c283766 elementor-widget elementor-widget-image\" data-id=\"c283766\" data-element_type=\"widget\" data-widget_type=\"image.default\">\n\t\t\t\t<div class=\"elementor-widget-container\">\n\t\t\t\t\t\t\t\t\t\t\t\t\t\t\t<img decoding=\"async\" width=\"1300\" height=\"781\" src=\"https:\/\/homsdesarrollos.com\/wp-content\/uploads\/2023\/10\/02-Master_La_Normita_1_Mesa-de-trabajo-1-1.jpg\" class=\"attachment-full size-full wp-image-1156\" alt=\"\" srcset=\"https:\/\/homsdesarrollos.com\/wp-content\/uploads\/2023\/10\/02-Master_La_Normita_1_Mesa-de-trabajo-1-1.jpg 1300w, https:\/\/homsdesarrollos.com\/wp-content\/uploads\/2023\/10\/02-Master_La_Normita_1_Mesa-de-trabajo-1-1-300x180.jpg 300w, https:\/\/homsdesarrollos.com\/wp-content\/uploads\/2023\/10\/02-Master_La_Normita_1_Mesa-de-trabajo-1-1-1024x615.jpg 1024w, https:\/\/homsdesarrollos.com\/wp-content\/uploads\/2023\/10\/02-Master_La_Normita_1_Mesa-de-trabajo-1-1-768x461.jpg 768w, https:\/\/homsdesarrollos.com\/wp-content\/uploads\/2023\/10\/02-Master_La_Normita_1_Mesa-de-trabajo-1-1-700x421.jpg 700w\" sizes=\"(max-width: 1300px) 100vw, 1300px\" \/>\t\t\t\t\t\t\t\t\t\t\t\t\t\t\t<\/div>\n\t\t\t\t<\/div>\n\t\t\t\t<div class=\"elementor-element elementor-element-8b2ebb6 elementor-widget elementor-widget-text-editor\" data-id=\"8b2ebb6\" data-element_type=\"widget\" data-widget_type=\"text-editor.default\">\n\t\t\t\t<div class=\"elementor-widget-container\">\n\t\t\t\t\t\t\t\t\t<h4 style=\"color: #737373;\"><span style=\"color: #03624c;\">La Normita<\/span><\/h4>\t\t\t\t\t\t\t\t<\/div>\n\t\t\t\t<\/div>\n\t\t\t\t<div class=\"elementor-element elementor-element-b162319 elementor-widget elementor-widget-text-editor\" data-id=\"b162319\" data-element_type=\"widget\" data-widget_type=\"text-editor.default\">\n\t\t\t\t<div class=\"elementor-widget-container\">\n\t\t\t\t\t\t\t\t\t<p>El suen\u0303o de tu terreno propio esta\u0301 ma\u0301s cerca de la realidad, contamos con una amplia financiacio\u0301n que te hara\u0301 posible contar y ser parte del barrio.<\/p>\t\t\t\t\t\t\t\t<\/div>\n\t\t\t\t<\/div>\n\t\t\t\t<div class=\"elementor-element elementor-element-9dbc72d elementor-widget elementor-widget-bridge_button\" data-id=\"9dbc72d\" data-element_type=\"widget\" data-widget_type=\"bridge_button.default\">\n\t\t\t\t<div class=\"elementor-widget-container\">\n\t\t\t\t\t<a  itemprop=\"url\" href=\"http:\/\/homsdesarrollos.com\/index.php\/la-normita\" target=\"_self\"  class=\"qbutton  small enlarge\" style=\"color: #BFE8BE; border-color: #048566; border-radius: 4px;-moz-border-radius: 4px;-webkit-border-radius: 4px; background-color: #048566;\">Ver M\u00e1s<\/a>\t\t\t\t<\/div>\n\t\t\t\t<\/div>\n\t\t\t\t\t<\/div>\n\t\t<\/div>\n\t\t\t\t<div class=\"elementor-column elementor-col-33 elementor-top-column elementor-element elementor-element-d5c9748\" data-id=\"d5c9748\" data-element_type=\"column\">\n\t\t\t<div class=\"elementor-widget-wrap elementor-element-populated\">\n\t\t\t\t\t\t<div class=\"elementor-element elementor-element-abd5327 elementor-widget elementor-widget-image\" data-id=\"abd5327\" data-element_type=\"widget\" data-widget_type=\"image.default\">\n\t\t\t\t<div class=\"elementor-widget-container\">\n\t\t\t\t\t\t\t\t\t\t\t\t\t\t\t<img loading=\"lazy\" decoding=\"async\" width=\"1300\" height=\"781\" src=\"https:\/\/homsdesarrollos.com\/wp-content\/uploads\/2024\/04\/Santa_Cecilia_WhatsApp-Image-2023-12-22-at-11.03.28.jpg\" class=\"attachment-full size-full wp-image-1255\" alt=\"\" srcset=\"https:\/\/homsdesarrollos.com\/wp-content\/uploads\/2024\/04\/Santa_Cecilia_WhatsApp-Image-2023-12-22-at-11.03.28.jpg 1300w, https:\/\/homsdesarrollos.com\/wp-content\/uploads\/2024\/04\/Santa_Cecilia_WhatsApp-Image-2023-12-22-at-11.03.28-300x180.jpg 300w, https:\/\/homsdesarrollos.com\/wp-content\/uploads\/2024\/04\/Santa_Cecilia_WhatsApp-Image-2023-12-22-at-11.03.28-1024x615.jpg 1024w, https:\/\/homsdesarrollos.com\/wp-content\/uploads\/2024\/04\/Santa_Cecilia_WhatsApp-Image-2023-12-22-at-11.03.28-768x461.jpg 768w, https:\/\/homsdesarrollos.com\/wp-content\/uploads\/2024\/04\/Santa_Cecilia_WhatsApp-Image-2023-12-22-at-11.03.28-700x421.jpg 700w\" sizes=\"(max-width: 1300px) 100vw, 1300px\" \/>\t\t\t\t\t\t\t\t\t\t\t\t\t\t\t<\/div>\n\t\t\t\t<\/div>\n\t\t\t\t<div class=\"elementor-element elementor-element-3a8e7e7 elementor-widget elementor-widget-text-editor\" data-id=\"3a8e7e7\" data-element_type=\"widget\" data-widget_type=\"text-editor.default\">\n\t\t\t\t<div class=\"elementor-widget-container\">\n\t\t\t\t\t\t\t\t\t<h4 style=\"color: #737373;\"><span style=\"color: #03624c;\">Santa Cecilia<\/span><\/h4>\t\t\t\t\t\t\t\t<\/div>\n\t\t\t\t<\/div>\n\t\t\t\t<div class=\"elementor-element elementor-element-7dd163d elementor-widget elementor-widget-text-editor\" data-id=\"7dd163d\" data-element_type=\"widget\" data-widget_type=\"text-editor.default\">\n\t\t\t\t<div class=\"elementor-widget-container\">\n\t\t\t\t\t\t\t\t\tEl predio cuenta con un antiguo casco perteneciente a una estancia con m\u00e1s de 80 a\u00f1os de historia, que embellece el lugar. Se encuentra ubicado a metros del Parque Industrial de Burzaco y tiene un f\u00e1cil acceso.\t\t\t\t\t\t\t\t<\/div>\n\t\t\t\t<\/div>\n\t\t\t\t<div class=\"elementor-element elementor-element-d694dbd elementor-widget elementor-widget-bridge_button\" data-id=\"d694dbd\" data-element_type=\"widget\" data-widget_type=\"bridge_button.default\">\n\t\t\t\t<div class=\"elementor-widget-container\">\n\t\t\t\t\t<a  itemprop=\"url\" href=\"http:\/\/homsdesarrollos.com\/index.php\/santa-cecilia\" target=\"_self\"  class=\"qbutton  small enlarge\" style=\"color: #BFE8BE; border-color: #048566; border-radius: 4px;-moz-border-radius: 4px;-webkit-border-radius: 4px; background-color: #048566;\">Ver M\u00e1s<\/a>\t\t\t\t<\/div>\n\t\t\t\t<\/div>\n\t\t\t\t\t<\/div>\n\t\t<\/div>\n\t\t\t\t\t<\/div>\n\t\t<\/section>\n\t\t\t\t<\/div>\n\t\t","protected":false},"excerpt":{"rendered":"<p>Desarrollamos espacios rodeados de naturaleza, con acceso y cercan\u00eda a escuelas y centros comerciales. Proyectos \u00fanicos, accesibles y de calidad, en distintos puntos del pa\u00eds. La Normita 2 La Normita 2 es un barrio abierto de 384 lotes de entre 300 a 360mts2,pensado especialmente para&#8230;<\/p>\n","protected":false},"author":1,"featured_media":0,"parent":0,"menu_order":0,"comment_status":"closed","ping_status":"closed","template":"full_width.php","meta":{"_joinchat":[],"footnotes":""},"class_list":["post-8","page","type-page","status-publish","hentry"],"aioseo_notices":[],"_links":{"self":[{"href":"https:\/\/homsdesarrollos.com\/index.php\/wp-json\/wp\/v2\/pages\/8","targetHints":{"allow":["GET"]}}],"collection":[{"href":"https:\/\/homsdesarrollos.com\/index.php\/wp-json\/wp\/v2\/pages"}],"about":[{"href":"https:\/\/homsdesarrollos.com\/index.php\/wp-json\/wp\/v2\/types\/page"}],"author":[{"embeddable":true,"href":"https:\/\/homsdesarrollos.com\/index.php\/wp-json\/wp\/v2\/users\/1"}],"replies":[{"embeddable":true,"href":"https:\/\/homsdesarrollos.com\/index.php\/wp-json\/wp\/v2\/comments?post=8"}],"version-history":[{"count":246,"href":"https:\/\/homsdesarrollos.com\/index.php\/wp-json\/wp\/v2\/pages\/8\/revisions"}],"predecessor-version":[{"id":1398,"href":"https:\/\/homsdesarrollos.com\/index.php\/wp-json\/wp\/v2\/pages\/8\/revisions\/1398"}],"wp:attachment":[{"href":"https:\/\/homsdesarrollos.com\/index.php\/wp-json\/wp\/v2\/media?parent=8"}],"curies":[{"name":"wp","href":"https:\/\/api.w.org\/{rel}","templated":true}]}}