{"id":216,"date":"2019-10-30T13:27:47","date_gmt":"2019-10-30T13:27:47","guid":{"rendered":"https:\/\/bridge280.qodeinteractive.com\/?page_id=216"},"modified":"2025-08-25T19:15:07","modified_gmt":"2025-08-25T19:15:07","slug":"proyectos","status":"publish","type":"page","link":"https:\/\/homsdesarrollos.com\/index.php\/proyectos\/","title":{"rendered":"Proyectos"},"content":{"rendered":"\t\t<div data-elementor-type=\"wp-page\" data-elementor-id=\"216\" class=\"elementor elementor-216\">\n\t\t\t\t\t\t<section class=\"elementor-section elementor-top-section elementor-element elementor-element-1592b00 elementor-section-full_width elementor-section-stretched elementor-section-height-default elementor-section-height-default parallax_section_no qode_elementor_container_no\" data-id=\"1592b00\" data-element_type=\"section\" data-settings=\"{&quot;stretch_section&quot;:&quot;section-stretched&quot;,&quot;background_background&quot;:&quot;slideshow&quot;,&quot;background_slideshow_gallery&quot;:[{&quot;id&quot;:796,&quot;url&quot;:&quot;http:\\\/\\\/homsdesarrollos.com\\\/wp-content\\\/uploads\\\/2022\\\/03\\\/omar-lopez-hiqLAaOJqW8-unsplash-scaled.jpg&quot;}],&quot;background_slideshow_slide_duration&quot;:5000,&quot;background_slideshow_slide_transition&quot;:&quot;fade&quot;,&quot;background_slideshow_transition_duration&quot;:500}\">\n\t\t\t\t\t\t<div class=\"elementor-container elementor-column-gap-default\">\n\t\t\t\t\t<div class=\"elementor-column elementor-col-100 elementor-top-column elementor-element elementor-element-93305af\" data-id=\"93305af\" data-element_type=\"column\">\n\t\t\t<div class=\"elementor-widget-wrap elementor-element-populated\">\n\t\t\t\t\t\t<div class=\"elementor-element elementor-element-b8d00d2 elementor-widget elementor-widget-text-editor\" data-id=\"b8d00d2\" data-element_type=\"widget\" data-widget_type=\"text-editor.default\">\n\t\t\t\t<div class=\"elementor-widget-container\">\n\t\t\t\t\t\t\t\t\t<h2 style=\"text-align: center;\"><span style=\"color: #ffffff;\">Nuestros proyectos<\/span><\/h2>\t\t\t\t\t\t\t\t<\/div>\n\t\t\t\t<\/div>\n\t\t\t\t\t<\/div>\n\t\t<\/div>\n\t\t\t\t\t<\/div>\n\t\t<\/section>\n\t\t\t\t<section class=\"elementor-section elementor-top-section elementor-element elementor-element-36781ce2 elementor-section-boxed elementor-section-height-default elementor-section-height-default parallax_section_no qode_elementor_container_no\" data-id=\"36781ce2\" data-element_type=\"section\" data-settings=\"{&quot;background_background&quot;:&quot;classic&quot;}\">\n\t\t\t\t\t\t<div class=\"elementor-container elementor-column-gap-no\">\n\t\t\t\t\t<div class=\"elementor-column elementor-col-50 elementor-top-column elementor-element elementor-element-14f2a64d\" data-id=\"14f2a64d\" data-element_type=\"column\">\n\t\t\t<div class=\"elementor-widget-wrap elementor-element-populated\">\n\t\t\t\t\t\t<div class=\"elementor-element elementor-element-5b839cd9 elementor-widget elementor-widget-text-editor\" data-id=\"5b839cd9\" data-element_type=\"widget\" data-widget_type=\"text-editor.default\">\n\t\t\t\t<div class=\"elementor-widget-container\">\n\t\t\t\t\t\t\t\t\t<h3>Desarrollamos espacios rodeados de naturaleza, con acceso y cercan\u00eda a escuelas y centros comerciales. Proyectos \u00fanicos, accesibles y de calidad, en distintos puntos del pa\u00eds.<\/h3>\t\t\t\t\t\t\t\t<\/div>\n\t\t\t\t<\/div>\n\t\t\t\t\t<\/div>\n\t\t<\/div>\n\t\t\t\t<div class=\"elementor-column elementor-col-50 elementor-top-column elementor-element elementor-element-539095e3\" data-id=\"539095e3\" data-element_type=\"column\">\n\t\t\t<div class=\"elementor-widget-wrap elementor-element-populated\">\n\t\t\t\t\t\t<div class=\"elementor-element elementor-element-4e792f25 elementor-widget__width-auto elementor-widget elementor-widget-bridge_button\" data-id=\"4e792f25\" data-element_type=\"widget\" data-widget_type=\"bridge_button.default\">\n\t\t\t\t<div class=\"elementor-widget-container\">\n\t\t\t\t\t<a  itemprop=\"url\" href=\"http:\/\/homsdesarrollos.com\/index.php\/contacto\/\" target=\"_self\" data-hover-background-color='#048566'  class=\"qbutton  enlarge\" style=\"color: #BFE8BE; border-color: #048566; border-radius: 4px;-moz-border-radius: 4px;-webkit-border-radius: 4px; background-color: #048566;\">contactanos<\/a>\t\t\t\t<\/div>\n\t\t\t\t<\/div>\n\t\t\t\t\t<\/div>\n\t\t<\/div>\n\t\t\t\t\t<\/div>\n\t\t<\/section>\n\t\t\t\t<section class=\"elementor-section elementor-top-section elementor-element elementor-element-7e1ab76c elementor-section-boxed elementor-section-height-default elementor-section-height-default parallax_section_no qode_elementor_container_no\" data-id=\"7e1ab76c\" data-element_type=\"section\">\n\t\t\t\t\t\t<div class=\"elementor-container elementor-column-gap-default\">\n\t\t\t\t\t<div class=\"elementor-column elementor-col-100 elementor-top-column elementor-element elementor-element-50adeaf8\" data-id=\"50adeaf8\" data-element_type=\"column\" data-settings=\"{&quot;background_background&quot;:&quot;slideshow&quot;,&quot;background_slideshow_gallery&quot;:[],&quot;background_slideshow_loop&quot;:&quot;yes&quot;,&quot;background_slideshow_slide_duration&quot;:5000,&quot;background_slideshow_slide_transition&quot;:&quot;fade&quot;,&quot;background_slideshow_transition_duration&quot;:500}\">\n\t\t\t<div class=\"elementor-widget-wrap elementor-element-populated\">\n\t\t\t\t\t\t\t<\/div>\n\t\t<\/div>\n\t\t\t\t\t<\/div>\n\t\t<\/section>\n\t\t\t\t<section class=\"elementor-section elementor-top-section elementor-element elementor-element-2b4d59d8 elementor-section-full_width elementor-section-stretched elementor-section-height-default elementor-section-height-default parallax_section_no qode_elementor_container_no\" data-id=\"2b4d59d8\" data-element_type=\"section\" data-settings=\"{&quot;stretch_section&quot;:&quot;section-stretched&quot;}\">\n\t\t\t\t\t\t<div class=\"elementor-container elementor-column-gap-narrow\">\n\t\t\t\t\t<div class=\"elementor-column elementor-col-33 elementor-top-column elementor-element elementor-element-4fd3d72d\" data-id=\"4fd3d72d\" data-element_type=\"column\">\n\t\t\t<div class=\"elementor-widget-wrap elementor-element-populated\">\n\t\t\t\t\t\t<div class=\"elementor-element elementor-element-5e26c6d1 elementor-widget elementor-widget-image\" data-id=\"5e26c6d1\" data-element_type=\"widget\" data-widget_type=\"image.default\">\n\t\t\t\t<div class=\"elementor-widget-container\">\n\t\t\t\t\t\t\t\t\t\t\t\t\t\t\t<img fetchpriority=\"high\" decoding=\"async\" width=\"940\" height=\"570\" src=\"https:\/\/homsdesarrollos.com\/wp-content\/uploads\/2022\/02\/54.png\" class=\"attachment-full size-full wp-image-436\" alt=\"\" srcset=\"https:\/\/homsdesarrollos.com\/wp-content\/uploads\/2022\/02\/54.png 940w, https:\/\/homsdesarrollos.com\/wp-content\/uploads\/2022\/02\/54-300x182.png 300w, https:\/\/homsdesarrollos.com\/wp-content\/uploads\/2022\/02\/54-768x466.png 768w, https:\/\/homsdesarrollos.com\/wp-content\/uploads\/2022\/02\/54-700x424.png 700w\" sizes=\"(max-width: 940px) 100vw, 940px\" \/>\t\t\t\t\t\t\t\t\t\t\t\t\t\t\t<\/div>\n\t\t\t\t<\/div>\n\t\t\t\t<div class=\"elementor-element elementor-element-66d00747 elementor-widget elementor-widget-text-editor\" data-id=\"66d00747\" data-element_type=\"widget\" data-widget_type=\"text-editor.default\">\n\t\t\t\t<div class=\"elementor-widget-container\">\n\t\t\t\t\t\t\t\t\t<h3>La Normita 2<\/h3>\t\t\t\t\t\t\t\t<\/div>\n\t\t\t\t<\/div>\n\t\t\t\t<div class=\"elementor-element elementor-element-45519608 elementor-widget elementor-widget-text-editor\" data-id=\"45519608\" data-element_type=\"widget\" data-widget_type=\"text-editor.default\">\n\t\t\t\t<div class=\"elementor-widget-container\">\n\t\t\t\t\t\t\t\t\tDon Roberto es un barrio abierto de 384 lotes de entre 300 a 360mts2, pensado especialmente para quienes desean hacer realidad el sue\u00f1o del terreno propio\t\t\t\t\t\t\t\t<\/div>\n\t\t\t\t<\/div>\n\t\t\t\t<div class=\"elementor-element elementor-element-227f9431 elementor-widget elementor-widget-bridge_button\" data-id=\"227f9431\" data-element_type=\"widget\" data-widget_type=\"bridge_button.default\">\n\t\t\t\t<div class=\"elementor-widget-container\">\n\t\t\t\t\t<a  itemprop=\"url\" href=\"https:\/\/homsdesarrollos.com\/index.php\/la-normita-2\/\" target=\"_self\"  class=\"qbutton  small enlarge\" style=\"color: #BFE8BE; border-color: #048566; border-radius: 4px;-moz-border-radius: 4px;-webkit-border-radius: 4px; background-color: #048566;\">ver m\u00e1s<\/a>\t\t\t\t<\/div>\n\t\t\t\t<\/div>\n\t\t\t\t\t<\/div>\n\t\t<\/div>\n\t\t\t\t<div class=\"elementor-column elementor-col-33 elementor-top-column elementor-element elementor-element-70ea184f\" data-id=\"70ea184f\" data-element_type=\"column\">\n\t\t\t<div class=\"elementor-widget-wrap elementor-element-populated\">\n\t\t\t\t\t\t<div class=\"elementor-element elementor-element-33aabeea elementor-widget elementor-widget-image\" data-id=\"33aabeea\" data-element_type=\"widget\" data-widget_type=\"image.default\">\n\t\t\t\t<div class=\"elementor-widget-container\">\n\t\t\t\t\t\t\t\t\t\t\t\t\t\t\t<img decoding=\"async\" width=\"940\" height=\"565\" src=\"https:\/\/homsdesarrollos.com\/wp-content\/uploads\/2023\/10\/02-Master_La_Normita_1_Mesa-de-trabajo-1_940.jpg\" class=\"attachment-full size-full wp-image-1160\" alt=\"\" srcset=\"https:\/\/homsdesarrollos.com\/wp-content\/uploads\/2023\/10\/02-Master_La_Normita_1_Mesa-de-trabajo-1_940.jpg 940w, https:\/\/homsdesarrollos.com\/wp-content\/uploads\/2023\/10\/02-Master_La_Normita_1_Mesa-de-trabajo-1_940-300x180.jpg 300w, https:\/\/homsdesarrollos.com\/wp-content\/uploads\/2023\/10\/02-Master_La_Normita_1_Mesa-de-trabajo-1_940-768x462.jpg 768w, https:\/\/homsdesarrollos.com\/wp-content\/uploads\/2023\/10\/02-Master_La_Normita_1_Mesa-de-trabajo-1_940-700x421.jpg 700w\" sizes=\"(max-width: 940px) 100vw, 940px\" \/>\t\t\t\t\t\t\t\t\t\t\t\t\t\t\t<\/div>\n\t\t\t\t<\/div>\n\t\t\t\t<div class=\"elementor-element elementor-element-621ad174 elementor-widget elementor-widget-text-editor\" data-id=\"621ad174\" data-element_type=\"widget\" data-widget_type=\"text-editor.default\">\n\t\t\t\t<div class=\"elementor-widget-container\">\n\t\t\t\t\t\t\t\t\t<h3>La Normita<\/h3>\t\t\t\t\t\t\t\t<\/div>\n\t\t\t\t<\/div>\n\t\t\t\t<div class=\"elementor-element elementor-element-2b2791b3 elementor-widget elementor-widget-text-editor\" data-id=\"2b2791b3\" data-element_type=\"widget\" data-widget_type=\"text-editor.default\">\n\t\t\t\t<div class=\"elementor-widget-container\">\n\t\t\t\t\t\t\t\t\tLa Normita se encuentra rodeado de un entorno natural, lo cual proporciona un sentido de paz y tranquilidad inigualable. Este barrio est\u00e1 pensado para hacer realidad el sue\u00f1o de la casa propia.\t\t\t\t\t\t\t\t<\/div>\n\t\t\t\t<\/div>\n\t\t\t\t<div class=\"elementor-element elementor-element-6448d574 elementor-widget elementor-widget-bridge_button\" data-id=\"6448d574\" data-element_type=\"widget\" data-widget_type=\"bridge_button.default\">\n\t\t\t\t<div class=\"elementor-widget-container\">\n\t\t\t\t\t<a  itemprop=\"url\" href=\"https:\/\/homsdesarrollos.com\/index.php\/la-normita\/\" target=\"_self\"  class=\"qbutton  small enlarge\" style=\"color: #BFE8BE; border-color: #048566; border-radius: 4px;-moz-border-radius: 4px;-webkit-border-radius: 4px; background-color: #048566;\">ver m\u00e1s<\/a>\t\t\t\t<\/div>\n\t\t\t\t<\/div>\n\t\t\t\t\t<\/div>\n\t\t<\/div>\n\t\t\t\t<div class=\"elementor-column elementor-col-33 elementor-top-column elementor-element elementor-element-6171debb\" data-id=\"6171debb\" data-element_type=\"column\">\n\t\t\t<div class=\"elementor-widget-wrap elementor-element-populated\">\n\t\t\t\t\t\t<div class=\"elementor-element elementor-element-16c66b31 elementor-widget elementor-widget-image\" data-id=\"16c66b31\" data-element_type=\"widget\" data-widget_type=\"image.default\">\n\t\t\t\t<div class=\"elementor-widget-container\">\n\t\t\t\t\t\t\t\t\t\t\t\t\t\t\t<img decoding=\"async\" width=\"1300\" height=\"781\" src=\"https:\/\/homsdesarrollos.com\/wp-content\/uploads\/2024\/04\/Santa_Cecilia_WhatsApp-Image-2023-12-22-at-11.03.28.jpg\" class=\"attachment-full size-full wp-image-1255\" alt=\"\" srcset=\"https:\/\/homsdesarrollos.com\/wp-content\/uploads\/2024\/04\/Santa_Cecilia_WhatsApp-Image-2023-12-22-at-11.03.28.jpg 1300w, https:\/\/homsdesarrollos.com\/wp-content\/uploads\/2024\/04\/Santa_Cecilia_WhatsApp-Image-2023-12-22-at-11.03.28-300x180.jpg 300w, https:\/\/homsdesarrollos.com\/wp-content\/uploads\/2024\/04\/Santa_Cecilia_WhatsApp-Image-2023-12-22-at-11.03.28-1024x615.jpg 1024w, https:\/\/homsdesarrollos.com\/wp-content\/uploads\/2024\/04\/Santa_Cecilia_WhatsApp-Image-2023-12-22-at-11.03.28-768x461.jpg 768w, https:\/\/homsdesarrollos.com\/wp-content\/uploads\/2024\/04\/Santa_Cecilia_WhatsApp-Image-2023-12-22-at-11.03.28-700x421.jpg 700w\" sizes=\"(max-width: 1300px) 100vw, 1300px\" \/>\t\t\t\t\t\t\t\t\t\t\t\t\t\t\t<\/div>\n\t\t\t\t<\/div>\n\t\t\t\t<div class=\"elementor-element elementor-element-7fd2e4cd elementor-widget elementor-widget-text-editor\" data-id=\"7fd2e4cd\" data-element_type=\"widget\" data-widget_type=\"text-editor.default\">\n\t\t\t\t<div class=\"elementor-widget-container\">\n\t\t\t\t\t\t\t\t\t<h3>Santa Cecilia<\/h3>\t\t\t\t\t\t\t\t<\/div>\n\t\t\t\t<\/div>\n\t\t\t\t<div class=\"elementor-element elementor-element-257aaeed elementor-widget elementor-widget-text-editor\" data-id=\"257aaeed\" data-element_type=\"widget\" data-widget_type=\"text-editor.default\">\n\t\t\t\t<div class=\"elementor-widget-container\">\n\t\t\t\t\t\t\t\t\tEl predio cuenta con un antiguo casco perteneciente a una estancia con m\u00e1s de 80 a\u00f1os\nde historia, que embellece el lugar.\nSe encuentra ubicado a metros del Parque Industrial de Burzaco y tiene un f\u00e1cil acceso.\t\t\t\t\t\t\t\t<\/div>\n\t\t\t\t<\/div>\n\t\t\t\t<div class=\"elementor-element elementor-element-20e826a8 elementor-widget elementor-widget-bridge_button\" data-id=\"20e826a8\" data-element_type=\"widget\" data-widget_type=\"bridge_button.default\">\n\t\t\t\t<div class=\"elementor-widget-container\">\n\t\t\t\t\t<a  itemprop=\"url\" href=\"https:\/\/homsdesarrollos.com\/index.php\/santa-cecilia\/\" target=\"_self\"  class=\"qbutton  small enlarge\" style=\"color: #BFE8BE; border-color: #048566; border-radius: 4px;-moz-border-radius: 4px;-webkit-border-radius: 4px; background-color: #048566;\">ver m\u00e1s<\/a>\t\t\t\t<\/div>\n\t\t\t\t<\/div>\n\t\t\t\t\t<\/div>\n\t\t<\/div>\n\t\t\t\t\t<\/div>\n\t\t<\/section>\n\t\t\t\t<\/div>\n\t\t","protected":false},"excerpt":{"rendered":"<p>Nuestros proyectos Desarrollamos espacios rodeados de naturaleza, con acceso y cercan\u00eda a escuelas y centros comerciales. Proyectos \u00fanicos, accesibles y de calidad, en distintos puntos del pa\u00eds. contactanos La Normita 2 Don Roberto es un barrio abierto de 384 lotes de entre 300 a 360mts2,&#8230;<\/p>\n","protected":false},"author":1,"featured_media":0,"parent":0,"menu_order":0,"comment_status":"closed","ping_status":"closed","template":"","meta":{"_joinchat":[],"footnotes":""},"class_list":["post-216","page","type-page","status-publish","hentry"],"aioseo_notices":[],"_links":{"self":[{"href":"https:\/\/homsdesarrollos.com\/index.php\/wp-json\/wp\/v2\/pages\/216","targetHints":{"allow":["GET"]}}],"collection":[{"href":"https:\/\/homsdesarrollos.com\/index.php\/wp-json\/wp\/v2\/pages"}],"about":[{"href":"https:\/\/homsdesarrollos.com\/index.php\/wp-json\/wp\/v2\/types\/page"}],"author":[{"embeddable":true,"href":"https:\/\/homsdesarrollos.com\/index.php\/wp-json\/wp\/v2\/users\/1"}],"replies":[{"embeddable":true,"href":"https:\/\/homsdesarrollos.com\/index.php\/wp-json\/wp\/v2\/comments?post=216"}],"version-history":[{"count":95,"href":"https:\/\/homsdesarrollos.com\/index.php\/wp-json\/wp\/v2\/pages\/216\/revisions"}],"predecessor-version":[{"id":1437,"href":"https:\/\/homsdesarrollos.com\/index.php\/wp-json\/wp\/v2\/pages\/216\/revisions\/1437"}],"wp:attachment":[{"href":"https:\/\/homsdesarrollos.com\/index.php\/wp-json\/wp\/v2\/media?parent=216"}],"curies":[{"name":"wp","href":"https:\/\/api.w.org\/{rel}","templated":true}]}}